{"id":380,"date":"2024-12-19T11:22:41","date_gmt":"2024-12-19T11:22:41","guid":{"rendered":"https:\/\/carlleto.hr\/carlleto\/"},"modified":"2025-10-21T10:49:25","modified_gmt":"2025-10-21T10:49:25","slug":"carlleto","status":"publish","type":"page","link":"https:\/\/carlleto.hr\/de\/carlleto\/","title":{"rendered":"CARLLETO"},"content":{"rendered":"<p>[et_pb_section fb_built=&#8220;1&#8243; fullwidth=&#8220;on&#8220; admin_label=&#8220;Header&#8220; _builder_version=&#8220;4.27.4&#8243; background_image=&#8220;https:\/\/carlleto.hr\/wp-content\/uploads\/2025\/01\/4.png&#8220; custom_padding=&#8220;0|0px|0|0px|false|false&#8220; global_colors_info=&#8220;{}&#8220;][et_pb_fullwidth_header title=&#8220;\u00dcber uns&#8220; content_max_width=&#8220;650px&#8220; content_max_width_tablet=&#8220;480px&#8220; content_max_width_phone=&#8220;&#8220; content_max_width_last_edited=&#8220;on|tablet&#8220; _builder_version=&#8220;4.27.4&#8243; title_font=&#8220;Abril Fatface||||||||&#8220; title_font_size=&#8220;72px&#8220; title_line_height=&#8220;1.2em&#8220; content_font=&#8220;Cabin||||||||&#8220; content_text_color=&#8220;#000000&#8243; content_font_size=&#8220;18px&#8220; content_line_height=&#8220;1.8em&#8220; background_color=&#8220;rgba(255,255,255,0)&#8220; use_background_color_gradient=&#8220;on&#8220; background_color_gradient_type=&#8220;circular&#8220; background_color_gradient_direction_radial=&#8220;right&#8220; background_color_gradient_stops=&#8220;rgba(255,255,255,0) 22%|#ffffff 71%&#8220; background_color_gradient_start=&#8220;rgba(255,255,255,0)&#8220; background_color_gradient_end=&#8220;#ffffff&#8220; background_color_gradient_end_position=&#8220;40%&#8220; background_position=&#8220;center_left&#8220; custom_button_one=&#8220;on&#8220; button_one_text_size=&#8220;16px&#8220; button_one_text_color=&#8220;#ffffff&#8220; button_one_bg_color=&#8220;#ff6d4a&#8220; button_one_border_width=&#8220;15px&#8220; button_one_border_color=&#8220;#ff6d4a&#8220; button_one_border_radius=&#8220;4px&#8220; button_one_letter_spacing=&#8220;3px&#8220; button_one_font=&#8220;Cabin|700||on|||||&#8220; custom_button_two=&#8220;on&#8220; button_two_text_size=&#8220;16px&#8220; button_two_text_color=&#8220;#ffffff&#8220; button_two_bg_color=&#8220;#ff6d4a&#8220; button_two_border_width=&#8220;15px&#8220; button_two_border_color=&#8220;#ff6d4a&#8220; button_two_border_radius=&#8220;4px&#8220; button_two_letter_spacing=&#8220;3px&#8220; button_two_font=&#8220;Cabin|700||on|||||&#8220; background_layout=&#8220;light&#8220; custom_margin=&#8220;|||&#8220; custom_padding=&#8220;146px||146px||true|&#8220; title_font_size_tablet=&#8220;&#8220; title_font_size_phone=&#8220;40px&#8220; title_font_size_last_edited=&#8220;on|phone&#8220; title_line_height_tablet=&#8220;&#8220; title_line_height_phone=&#8220;1.2em&#8220; title_line_height_last_edited=&#8220;on|phone&#8220; button_one_border_radius_hover=&#8220;4px&#8220; button_two_border_radius_hover=&#8220;4px&#8220; button_one_letter_spacing_hover=&#8220;3px&#8220; button_two_letter_spacing_hover=&#8220;3px&#8220; global_colors_info=&#8220;{}&#8220; button_one_text_size__hover_enabled=&#8220;off&#8220; button_two_text_size__hover_enabled=&#8220;off&#8220; button_one_text_color__hover_enabled=&#8220;off&#8220; button_two_text_color__hover_enabled=&#8220;off&#8220; button_one_border_width__hover_enabled=&#8220;off&#8220; button_two_border_width__hover_enabled=&#8220;off&#8220; button_one_border_color__hover_enabled=&#8220;off&#8220; button_two_border_color__hover_enabled=&#8220;off&#8220; button_one_border_radius__hover_enabled=&#8220;on&#8220; button_one_border_radius__hover=&#8220;4px&#8220; button_two_border_radius__hover_enabled=&#8220;on&#8220; button_two_border_radius__hover=&#8220;4px&#8220; button_one_letter_spacing__hover_enabled=&#8220;on&#8220; button_one_letter_spacing__hover=&#8220;3px&#8220; button_two_letter_spacing__hover_enabled=&#8220;on&#8220; button_two_letter_spacing__hover=&#8220;3px&#8220; button_one_bg_color__hover_enabled=&#8220;off&#8220; button_two_bg_color__hover_enabled=&#8220;off&#8220;]<\/p>\n<p>Die au\u00dfergew\u00f6hnliche Qualit\u00e4t unserer Produkte hat nur eine Aufgabe \u2013 Ihnen einen perfekten Moment am Tag zu schenken!<\/p>\n<p>[\/et_pb_fullwidth_header][\/et_pb_section][et_pb_section fb_built=&#8220;1&#8243; admin_label=&#8220;About&#8220; _builder_version=&#8220;4.16&#8243; custom_padding=&#8220;30px||5px|||&#8220; locked=&#8220;off&#8220; global_colors_info=&#8220;{}&#8220;][et_pb_row column_structure=&#8220;1_2,1_2&#8243; padding_top_bottom_link_2=&#8220;false&#8220; _builder_version=&#8220;4.16&#8243; global_colors_info=&#8220;{}&#8220;][et_pb_column type=&#8220;1_2&#8243; _builder_version=&#8220;4.16&#8243; background_size=&#8220;initial&#8220; custom_padding=&#8220;|||&#8220; global_colors_info=&#8220;{}&#8220; custom_padding__hover=&#8220;|||&#8220;][et_pb_image src=&#8220;https:\/\/carlleto.hr\/wp-content\/uploads\/2025\/01\/carlleto_vlasnici.jpg&#8220; title_text=&#8220;carlleto_vlasnici&#8220; align_tablet=&#8220;center&#8220; align_phone=&#8220;center&#8220; align_last_edited=&#8220;on|desktop&#8220; _builder_version=&#8220;4.27.4&#8243; animation_style=&#8220;slide&#8220; animation_direction=&#8220;left&#8220; animation_intensity_slide=&#8220;2%&#8220; border_radii=&#8220;on|4px|4px|4px|4px&#8220; global_colors_info=&#8220;{}&#8220;][\/et_pb_image][\/et_pb_column][et_pb_column type=&#8220;1_2&#8243; _builder_version=&#8220;4.16&#8243; background_image=&#8220;https:\/\/carlleto.hr\/wp-content\/uploads\/2024\/12\/square-bg.png&#8220; background_size=&#8220;initial&#8220; background_position=&#8220;top_left&#8220; custom_padding=&#8220;40px|||40px&#8220; custom_padding_tablet=&#8220;|||&#8220; custom_padding_last_edited=&#8220;off|desktop&#8220; global_colors_info=&#8220;{}&#8220; padding_tablet=&#8220;|||&#8220; padding_last_edited=&#8220;off|desktop&#8220; custom_padding__hover=&#8220;|||&#8220;][et_pb_text _builder_version=&#8220;4.27.4&#8243; text_font=&#8220;Arimo||||||||&#8220; text_text_color=&#8220;#000000&#8243; text_font_size=&#8220;16px&#8220; text_line_height=&#8220;2em&#8220; header_font=&#8220;||||||||&#8220; header_2_font=&#8220;Abril Fatface||||||||&#8220; header_2_text_color=&#8220;#9e1b21&#8243; header_2_font_size=&#8220;60px&#8220; header_2_line_height=&#8220;1.2em&#8220; max_width=&#8220;600px&#8220; header_2_font_size_tablet=&#8220;50px&#8220; header_2_font_size_phone=&#8220;32px&#8220; header_2_font_size_last_edited=&#8220;on|desktop&#8220; locked=&#8220;off&#8220; global_colors_info=&#8220;{}&#8220;]<\/p>\n<h2>\u00dcber Carlleto<\/h2>\n<div class=\"fusion-layout-column fusion_builder_column fusion-builder-column-1 fusion_builder_column_1_2 1_2 fusion-flex-column\">\n<div class=\"fusion-column-wrapper fusion-flex-justify-content-flex-start fusion-content-layout-column\">\n<div class=\"fusion-text fusion-text-1\">\n<p><span>Der Name Carletti existiert in Kroatien seit 1999, war aber lokal ausgerichtet und auf ein Produkt fokussiert<\/span><br \/><span>\u2013 hei\u00dfe Schokolade. <\/span><span style=\"font-size: 16px;\">Mit der \u00dcbernahme des Unternehmens <\/span><strong style=\"font-size: 16px;\">Mitte 2012<\/strong><span style=\"font-size: 16px;\"> durch ein j\u00fcngeres und proaktiveres Team, \u00e4ndert die Marke ihren Namen in <\/span><strong style=\"font-size: 16px;\">Carlleto<\/strong><span style=\"font-size: 16px;\">, und die Mission w\u00e4chst zu dem Wunsch und der realen Anstrengung heran, dass Carlleto eine national anerkannte Marke und Ihre erste Assoziation wird, wenn Sie an <\/span><strong style=\"font-size: 16px;\">hei\u00dfe Schokolade<\/strong><span style=\"font-size: 16px;\"> und <\/span><strong style=\"font-size: 16px;\">Milkshake-Frapp\u00e9s denken.<\/strong><\/p>\n<p><span>Die au\u00dfergew\u00f6hnliche <strong>Qualit\u00e4t<\/strong> unserer Produkte hat nur eine Aufgabe \u2013 Ihnen einen perfekten Moment am Tag zu schenken, einen Moment, in dem hei\u00dfe Schokolade Sicherheit, W\u00e4rme, Zufriedenheit bietet, und ein Frucht-Frapp\u00e9 Erfrischung und den Impuls f\u00fcr Action und ausgelassenen Spa\u00df. <\/span><strong style=\"font-size: 16px;\">Im Jahr 2012<\/strong><span style=\"font-size: 16px;\"> haben wir mit neuen Produkten auf nat\u00fcrlicher Basis begonnen. Wir haben ein v\u00f6llig neues Produkt entwickelt, das bisher weltweit ungesehen ist, ein BIO-Produkt f\u00fcr die Gastronomie!<br \/><\/span><span style=\"font-size: 16px;\">Lesen Sie unser <\/span><a href=\"https:\/\/carlleto.hr\/de\/impressum\/\" style=\"font-size: 16px;\">Impressum<\/a><span style=\"font-size: 16px;\">.<\/span><\/p>\n<p>&nbsp;<\/p>\n<\/div>\n<\/div>\n<\/div>\n<p>[\/et_pb_text][\/et_pb_column][\/et_pb_row][\/et_pb_section][et_pb_section fb_built=&#8220;1&#8243; admin_label=&#8220;Testimonials&#8220; _builder_version=&#8220;4.16&#8243; custom_padding=&#8220;12px|||||&#8220; global_colors_info=&#8220;{}&#8220;][\/et_pb_section]<\/p>\n","protected":false},"excerpt":{"rendered":"<p>Die au\u00dfergew\u00f6hnliche Qualit\u00e4t unserer Produkte hat nur eine Aufgabe \u2013 Ihnen einen perfekten Moment am Tag zu schenken!\u00dcber Carlleto Der Name Carletti existiert in Kroatien seit 1999, war aber lokal ausgerichtet und auf ein Produkt fokussiert\u2013 hei\u00dfe Schokolade. Mit der \u00dcbernahme des Unternehmens Mitte 2012 durch ein j\u00fcngeres und proaktiveres Team, \u00e4ndert die Marke ihren [&hellip;]<\/p>\n","protected":false},"author":1,"featured_media":0,"parent":0,"menu_order":0,"comment_status":"closed","ping_status":"closed","template":"","meta":{"_et_pb_use_builder":"on","_et_pb_old_content":"","_et_gb_content_width":"","footnotes":""},"class_list":["post-380","page","type-page","status-publish","hentry"],"_links":{"self":[{"href":"https:\/\/carlleto.hr\/de\/wp-json\/wp\/v2\/pages\/380","targetHints":{"allow":["GET"]}}],"collection":[{"href":"https:\/\/carlleto.hr\/de\/wp-json\/wp\/v2\/pages"}],"about":[{"href":"https:\/\/carlleto.hr\/de\/wp-json\/wp\/v2\/types\/page"}],"author":[{"embeddable":true,"href":"https:\/\/carlleto.hr\/de\/wp-json\/wp\/v2\/users\/1"}],"replies":[{"embeddable":true,"href":"https:\/\/carlleto.hr\/de\/wp-json\/wp\/v2\/comments?post=380"}],"version-history":[{"count":4,"href":"https:\/\/carlleto.hr\/de\/wp-json\/wp\/v2\/pages\/380\/revisions"}],"predecessor-version":[{"id":507,"href":"https:\/\/carlleto.hr\/de\/wp-json\/wp\/v2\/pages\/380\/revisions\/507"}],"wp:attachment":[{"href":"https:\/\/carlleto.hr\/de\/wp-json\/wp\/v2\/media?parent=380"}],"curies":[{"name":"wp","href":"https:\/\/api.w.org\/{rel}","templated":true}]}}